{"id":101,"date":"2020-12-22T07:32:45","date_gmt":"2020-12-22T07:32:45","guid":{"rendered":"http:\/\/www.carocomp.ro\/carocomp\/?page_id=101"},"modified":"2023-01-06T08:45:39","modified_gmt":"2023-01-06T08:45:39","slug":"produse-si-servicii","status":"publish","type":"page","link":"http:\/\/www.carocomp.ro\/carocomp\/produse-si-servicii\/","title":{"rendered":"Produse \u0219i servicii"},"content":{"rendered":"\n<p><a href=\"http:\/\/www.carocomp.ro\/carocomp\/Componente.xls\" data-type=\"URL\" data-id=\"http:\/\/www.carocomp.ro\/carocomp\/wp-content\/uploads\/2021\/01\/Componente.xls\" target=\"_blank\" rel=\"noreferrer noopener\">Click pentru desc\u0103rcare lista de pre\u021b.<\/a><\/p>\n\n\n\n<p>Pre\u021burile propuse sunt de referin\u021b\u0103, pentru orientarea D-Voastr\u0103, pentru siguran\u021b\u0103 consula\u021bi speciali\u0219tii no\u0219tri!<br>Pre\u021burile pot fi schimbate f\u0103r\u0103 notificare prealabil\u0103.<\/p>\n\n\n\n<p><br>Aceste valori nu con\u021bin discount-urile pe care le pute\u021bi ob\u021bine<br>vizit\u00e2ndu-ne la sediu, \u0219i nu con\u021bin, de asemenea TVA.<br><br>Informa\u021bii despre sisteme de operare, configur\u0103ri,instal\u0103ri, le ofer\u0103 speciali\u0219tii no\u0219tri,<br>prin orice mediu accepatat de D-Voastra: direct, e-amil, telefon, vizita la sediul clientului.<br><br><\/p>\n","protected":false},"excerpt":{"rendered":"<p>Click pentru desc\u0103rcare lista de pre\u021b. Pre\u021burile propuse sunt de referin\u021b\u0103, pentru orientarea D-Voastr\u0103, pentru siguran\u021b\u0103 consula\u021bi speciali\u0219tii no\u0219tri!Pre\u021burile pot fi schimbate f\u0103r\u0103 notificare prealabil\u0103. Aceste valori nu con\u021bin discount-urile&hellip;<a href=\"http:\/\/www.carocomp.ro\/carocomp\/produse-si-servicii\/\" class=\"more-link\"><span class=\"more-button\">Continue reading<span class=\"screen-reader-text\">Produse \u0219i servicii<\/span><\/span><\/a><\/p>\n","protected":false},"author":1,"featured_media":193,"parent":0,"menu_order":0,"comment_status":"closed","ping_status":"closed","template":"","meta":{"_monsterinsights_skip_tracking":false,"_monsterinsights_sitenote_active":false,"_monsterinsights_sitenote_note":"","_monsterinsights_sitenote_category":0,"footnotes":""},"class_list":["post-101","page","type-page","status-publish","has-post-thumbnail","hentry"],"_links":{"self":[{"href":"http:\/\/www.carocomp.ro\/carocomp\/wp-json\/wp\/v2\/pages\/101","targetHints":{"allow":["GET"]}}],"collection":[{"href":"http:\/\/www.carocomp.ro\/carocomp\/wp-json\/wp\/v2\/pages"}],"about":[{"href":"http:\/\/www.carocomp.ro\/carocomp\/wp-json\/wp\/v2\/types\/page"}],"author":[{"embeddable":true,"href":"http:\/\/www.carocomp.ro\/carocomp\/wp-json\/wp\/v2\/users\/1"}],"replies":[{"embeddable":true,"href":"http:\/\/www.carocomp.ro\/carocomp\/wp-json\/wp\/v2\/comments?post=101"}],"version-history":[{"count":6,"href":"http:\/\/www.carocomp.ro\/carocomp\/wp-json\/wp\/v2\/pages\/101\/revisions"}],"predecessor-version":[{"id":269,"href":"http:\/\/www.carocomp.ro\/carocomp\/wp-json\/wp\/v2\/pages\/101\/revisions\/269"}],"wp:featuredmedia":[{"embeddable":true,"href":"http:\/\/www.carocomp.ro\/carocomp\/wp-json\/wp\/v2\/media\/193"}],"wp:attachment":[{"href":"http:\/\/www.carocomp.ro\/carocomp\/wp-json\/wp\/v2\/media?parent=101"}],"curies":[{"name":"wp","href":"https:\/\/api.w.org\/{rel}","templated":true}]}}