{"id":47,"date":"2020-12-18T08:39:35","date_gmt":"2020-12-18T08:39:35","guid":{"rendered":"http:\/\/www.carocomp.ro\/carocomp\/?page_id=47"},"modified":"2021-01-06T07:49:08","modified_gmt":"2021-01-06T07:49:08","slug":"despre-noi","status":"publish","type":"page","link":"http:\/\/www.carocomp.ro\/carocomp\/despre-noi\/","title":{"rendered":"Despre noi"},"content":{"rendered":"\n<p>     Caro Comp este o companie fondat\u0103 \u00een 1991 \u00een Tg-Mures, Romania, cu activitate de instalare \u0219i service calculatoare. Firma a fost fondata de 7 ingineri speciali\u0219ti \u00een service calculatoare respectiv \u00een sisteme de operare cu o vechime de cel putin 8 ani (\u00een 1991). In prima perioad\u0103 activitatea de service este activitatea primordial\u0103 \u00eempreun\u0103 cu asamblarea \u0219i configurarea de calculatoare conform cererii clien\u021bilor.<\/p>\n\n\n\n<p>     Caro Comp este firma care a instalat prima re\u021bea \u00een jude\u021bul Mure\u0219, la BJATM Mures 1992. Activitatea firmei s-a extins \u00een func\u021bie de cererile clien\u021bilor, dar numai cu activita\u021bi din domeniul informatic \u0219i al comunica\u021biilor.<\/p>\n\n\n\n<p>     Actual firma este format\u0103 din departamente stabile, toate aceste dezvolt\u0103ri converg\u00e2nd \u00een direc\u021bia de a acorda clien\u021bilor no\u0219trii o solu\u021bie global\u0103.<\/p>\n\n\n\n<p><strong>Departament calculatoare<\/strong><\/p>\n\n\n\n<p>Activitatea principal\u0103 de consulting, v\u00e2nzare, service, configurare calculatoare \u0219i servere- Novell, MS Windows Server, Linux etc.<\/p>\n\n\n\n<p><strong>Departament networking<\/strong><\/p>\n\n\n\n<p>Activitatea principal\u0103 de distribu\u021bie, configurare, proiectare , consulting \u00een re\u021bele de calculatoare -LAN, WAN, comunica\u021bii , re\u021bele structurate EIA\/TIA 586 pe cupru sau optice,wireless.<\/p>\n\n\n\n<p><strong>Departament instalari<\/strong><\/p>\n\n\n\n<p>Activitatea de instal\u0103ri de re\u021bele structurate,wireless,VOIP \u0219i de centrale telefonice.<\/p>\n\n\n\n<p><strong>Departament de aplicatii<\/strong><\/p>\n\n\n\n<p>Instalare, consulting \u0219i integrare de aplica\u021bii.<\/p>\n\n\n\n<p><strong>Departament logistic<\/strong><\/p>\n\n\n\n<p>Activitatea administrativa,logistica,personal.<\/p>\n\n\n\n<p><strong>Punct de lucru Bucuresti<\/strong><\/p>\n\n\n\n<p>Activit\u0103\u021bi de logistic\u0103,instalare \u0219i service re\u021bele.<\/p>\n\n\n\n<div class=\"wp-block-columns are-vertically-aligned-bottom is-layout-flex wp-container-core-columns-is-layout-9d6595d7 wp-block-columns-is-layout-flex\">\n<div class=\"wp-block-column is-vertically-aligned-bottom is-layout-flow wp-block-column-is-layout-flow\" style=\"flex-basis:100%\">\n<div class=\"wp-block-group alignwide is-layout-flow wp-block-group-is-layout-flow\"><div class=\"wp-block-group__inner-container\"><\/div><\/div>\n<\/div>\n<\/div>\n\n\n\n<p><\/p>\n","protected":false},"excerpt":{"rendered":"<p>Caro Comp este o companie fondat\u0103 \u00een 1991 \u00een Tg-Mures, Romania, cu activitate de instalare \u0219i service calculatoare. Firma a fost fondata de 7 ingineri speciali\u0219ti \u00een service calculatoare respectiv&hellip;<a href=\"http:\/\/www.carocomp.ro\/carocomp\/despre-noi\/\" class=\"more-link\"><span class=\"more-button\">Continue reading<span class=\"screen-reader-text\">Despre noi<\/span><\/span><\/a><\/p>\n","protected":false},"author":1,"featured_media":190,"parent":0,"menu_order":0,"comment_status":"closed","ping_status":"closed","template":"","meta":{"_monsterinsights_skip_tracking":false,"_monsterinsights_sitenote_active":false,"_monsterinsights_sitenote_note":"","_monsterinsights_sitenote_category":0,"footnotes":""},"class_list":["post-47","page","type-page","status-publish","has-post-thumbnail","hentry"],"_links":{"self":[{"href":"http:\/\/www.carocomp.ro\/carocomp\/wp-json\/wp\/v2\/pages\/47","targetHints":{"allow":["GET"]}}],"collection":[{"href":"http:\/\/www.carocomp.ro\/carocomp\/wp-json\/wp\/v2\/pages"}],"about":[{"href":"http:\/\/www.carocomp.ro\/carocomp\/wp-json\/wp\/v2\/types\/page"}],"author":[{"embeddable":true,"href":"http:\/\/www.carocomp.ro\/carocomp\/wp-json\/wp\/v2\/users\/1"}],"replies":[{"embeddable":true,"href":"http:\/\/www.carocomp.ro\/carocomp\/wp-json\/wp\/v2\/comments?post=47"}],"version-history":[{"count":7,"href":"http:\/\/www.carocomp.ro\/carocomp\/wp-json\/wp\/v2\/pages\/47\/revisions"}],"predecessor-version":[{"id":191,"href":"http:\/\/www.carocomp.ro\/carocomp\/wp-json\/wp\/v2\/pages\/47\/revisions\/191"}],"wp:featuredmedia":[{"embeddable":true,"href":"http:\/\/www.carocomp.ro\/carocomp\/wp-json\/wp\/v2\/media\/190"}],"wp:attachment":[{"href":"http:\/\/www.carocomp.ro\/carocomp\/wp-json\/wp\/v2\/media?parent=47"}],"curies":[{"name":"wp","href":"https:\/\/api.w.org\/{rel}","templated":true}]}}