{"id":97,"date":"2020-12-22T07:29:48","date_gmt":"2020-12-22T07:29:48","guid":{"rendered":"http:\/\/www.carocomp.ro\/carocomp\/?page_id=97"},"modified":"2021-01-06T07:59:20","modified_gmt":"2021-01-06T07:59:20","slug":"realizari","status":"publish","type":"page","link":"http:\/\/www.carocomp.ro\/carocomp\/realizari\/","title":{"rendered":"Realiz\u0103ri"},"content":{"rendered":"\n<p>     Iat\u0103 c\u00e2teva din realiz\u0103rile complexe, solu\u021bii coerente, care caracterizeaz\u0103 firma \u0219i speciali\u0219tii no\u0219tri<br>(specializ\u0103ri de \u00eenalt nivel:CNE Novell,MCP Microsoft, certific\u0103ri CISCO, Ortronics,etc):<\/p>\n\n\n\n<p><strong>IKOS Confec\u021bii Odorheiu-Secuiesc<\/strong> Re\u021bea calculatoare \u0219i telefonie, date-voice, sisteme.<br><strong>NORADA Odorheiu-Secuiesc<\/strong> Re\u021bea calculatoare \u0219i telefonie, date-voice, sisteme.<br><strong>V.B.H Tg.Mure\u0219<\/strong> Re\u021bea calculatoare, sisteme.<br><strong>Re\u021beaua de magazine METRO din Romania<\/strong> Re\u021bea Date-Voce, telefonie, comunica\u021bii.<br><strong>HOCHLAND Romania<\/strong> Re\u021bea Date-Voce, Servere, Calculatoare, Wireless.<br><strong>GEDEON RICHTER ROMANIA S.A.Tg.Mures<\/strong> Re\u021bea Date-Voce, Servere, Calculatoare, Comunicatii, Internet.<br><strong>ELECTROMURES Tg.Mure\u0219<\/strong> Re\u021bea, Servere, Calculatoare.<br><strong>Hotel Continental Tg.Mure\u0219<\/strong> Re\u021bea Date-Voce, Calculatoare.<br><strong>Coats Romania Odorheiu-Secuiesc<\/strong> Re\u021bea Date-Voce, Servere, Calculatoare.<br><strong>Re\u021beaua de magazine REAL din Romania<\/strong> Re\u021bea Date-Voce.<br><strong>Re\u021beaua de magazine BILLA din Romania<\/strong> Re\u021bea Date-Voce.<br><strong>AQUASERV Tg.Mure\u0219<\/strong> Re\u021bea calculatoare \u0219i telefonie, date-voce, sisteme, servere.<br><strong>Heineken Romania<\/strong> Re\u0219ea date-voce, servicii.<br><strong>E.ON GAZ Rom\u00e2nia Tg.Mure\u0219<\/strong> Re\u021bea calculatoare \u0219i telefonie, date-voce, sisteme, sala de servere.<br><strong>SNGN Romgaz Media\u0219, Tg.Mure\u0219, Ploie\u0219ti<\/strong> Re\u021bea calculatoare \u0219i telefonie, date-voce, sisteme.<br><strong>Continental Automotive System Sibiu<\/strong> Re\u021bea date-voce, servicii.<br><strong>BULL Romania<\/strong> Service servere baze de date.<\/p>\n","protected":false},"excerpt":{"rendered":"<p>Iat\u0103 c\u00e2teva din realiz\u0103rile complexe, solu\u021bii coerente, care caracterizeaz\u0103 firma \u0219i speciali\u0219tii no\u0219tri(specializ\u0103ri de \u00eenalt nivel:CNE Novell,MCP Microsoft, certific\u0103ri CISCO, Ortronics,etc): IKOS Confec\u021bii Odorheiu-Secuiesc Re\u021bea calculatoare \u0219i telefonie, date-voice, sisteme.NORADA&hellip;<a href=\"http:\/\/www.carocomp.ro\/carocomp\/realizari\/\" class=\"more-link\"><span class=\"more-button\">Continue reading<span class=\"screen-reader-text\">Realiz\u0103ri<\/span><\/span><\/a><\/p>\n","protected":false},"author":1,"featured_media":195,"parent":0,"menu_order":0,"comment_status":"closed","ping_status":"closed","template":"","meta":{"_monsterinsights_skip_tracking":false,"_monsterinsights_sitenote_active":false,"_monsterinsights_sitenote_note":"","_monsterinsights_sitenote_category":0,"footnotes":""},"class_list":["post-97","page","type-page","status-publish","has-post-thumbnail","hentry"],"_links":{"self":[{"href":"http:\/\/www.carocomp.ro\/carocomp\/wp-json\/wp\/v2\/pages\/97","targetHints":{"allow":["GET"]}}],"collection":[{"href":"http:\/\/www.carocomp.ro\/carocomp\/wp-json\/wp\/v2\/pages"}],"about":[{"href":"http:\/\/www.carocomp.ro\/carocomp\/wp-json\/wp\/v2\/types\/page"}],"author":[{"embeddable":true,"href":"http:\/\/www.carocomp.ro\/carocomp\/wp-json\/wp\/v2\/users\/1"}],"replies":[{"embeddable":true,"href":"http:\/\/www.carocomp.ro\/carocomp\/wp-json\/wp\/v2\/comments?post=97"}],"version-history":[{"count":2,"href":"http:\/\/www.carocomp.ro\/carocomp\/wp-json\/wp\/v2\/pages\/97\/revisions"}],"predecessor-version":[{"id":183,"href":"http:\/\/www.carocomp.ro\/carocomp\/wp-json\/wp\/v2\/pages\/97\/revisions\/183"}],"wp:featuredmedia":[{"embeddable":true,"href":"http:\/\/www.carocomp.ro\/carocomp\/wp-json\/wp\/v2\/media\/195"}],"wp:attachment":[{"href":"http:\/\/www.carocomp.ro\/carocomp\/wp-json\/wp\/v2\/media?parent=97"}],"curies":[{"name":"wp","href":"https:\/\/api.w.org\/{rel}","templated":true}]}}